{"id":92,"date":"2021-03-15T09:16:19","date_gmt":"2021-03-15T09:16:19","guid":{"rendered":"https:\/\/themes.muffingroup.com\/be\/interior6\/?page_id=2"},"modified":"2021-10-21T07:54:38","modified_gmt":"2021-10-21T07:54:38","slug":"home","status":"publish","type":"page","link":"https:\/\/jorgealeix.com\/aico\/","title":{"rendered":"Home"},"content":{"rendered":"<h2>WE LOVE EVENTS<\/h2>\n<p><\/p>\n<h5> Capaces de cualquier cosa para que tu evento sea perfecto<\/h5>\n<p>center<br \/>no-repeat;left top;;<br \/>auto<\/p>\n<p><img decoding=\"async\" src=\"https:\/\/i2.wp.com\/jorgealeix.com\/aico\/wp-content\/uploads\/2021\/10\/Main-img-aico-2.png?w=1220&#038;ssl=1\" alt=\"Main-img-aico\" data-recalc-dims=\"1\" \/><br \/>full<\/p>\n<p>Nuestro equipo internacional est\u00e1 formado por los mejores especialistas de su clase, desde creativos, estrategas, project managers hasta dise\u00f1adores de escenarios, carpinteros, artistas t\u00e9cnicos y especialistas en tecnolog\u00eda digital. Servicios Audiovisuales.<\/p>\n<p>TENEMOS TODOS LOS SERVICIOS AUDIOVISUALES QUE NECESITAS PARA CUALQUIER FORMATO DE EVENTO<br \/>Heading<br \/>no-repeat;left top;;<br \/>auto<br \/>20px<\/p>\n<p>\tServicios Audiovisuales<br \/>\n<br \/>\tEventos Virtuales<br \/>\n<br \/>\tEscenograf\u00eda<br \/>\n<br \/>\tProducci\u00f3n<\/p>\n<p>Heading<br \/>no-repeat;left top;;<br \/>auto<br \/>0px<\/p>\n<p>\tBodas &amp; Celebraciones<br \/>\n<br \/>\tInstalaciones fijas<br \/>\n<br \/>\tTraducci\u00f3n simult\u00e1nea<br \/>\n<br \/>\tImpresi\u00f3n de gran formato<\/p>\n<p>Heading<br \/>no-repeat;left top;;<br \/>auto<br \/>20px<\/p>\n<h4>\u00daLTIMOS PROYECTOS<\/h4>\n<p>center<br \/>no-repeat;left top;;<br \/>auto<br \/>0px<\/p>\n<p>10<br \/>date<br \/>DESC<br \/>hover<br \/>medium<br \/>slide<\/p>\n<p>VER TODOS<br \/><a href=\"https:\/\/jorgealeix.com\/aico\/proyectos\/\">https:\/\/jorgealeix.com\/aico\/proyectos\/<\/a><br \/>center<br \/>left<br \/>2<\/p>\n<h4>NUESTROS SERVICIOS<\/h4>\n<p>center<br \/>no-repeat;left top;;<br \/>auto<br \/>30px<\/p>\n<p>TECNOLOG\u00cdA<br \/>h5<\/p>\n<p>Audio<br \/>\n<br \/>Video<br \/>\n<br \/>Iluminaci\u00f3n<br \/>\n<br \/>Grabaci\u00f3n<br \/>\n<br \/>Postproducci\u00f3n<br \/>\n<br \/>Traducci\u00f3n simult\u00e1nea<\/p>\n<p>top<br \/><img decoding=\"async\" src=\"https:\/\/i2.wp.com\/jorgealeix.com\/aico\/wp-content\/uploads\/2021\/10\/ico-tecnologia-1.png?w=1220&#038;ssl=1\" alt=\"ico-tecnologia\" data-recalc-dims=\"1\" \/><br \/><a href=\"https:\/\/jorgealeix.com\/aico\/servicios-tecnologia\/\">https:\/\/jorgealeix.com\/aico\/servicios-tecnologia\/<\/a><\/p>\n<p>DISE\u00d1O<br \/>h5<\/p>\n<p>Dise\u00f1o gr\u00e1fico<br \/>\n<br \/>Branding<br \/>\n<br \/>Renders<br \/>\n<br \/>Motion Graphics<br \/>\n<br \/>Planos<br \/>\n<br \/>Impresi\u00f3n digital<\/p>\n<p>top<br \/><img decoding=\"async\" src=\"https:\/\/i1.wp.com\/jorgealeix.com\/aico\/wp-content\/uploads\/2021\/10\/ico-diseno-1.png?w=1220&#038;ssl=1\" alt=\"ico-diseno\" data-recalc-dims=\"1\" \/><br \/><a href=\"https:\/\/jorgealeix.com\/aico\/servicios-diseno\/\">https:\/\/jorgealeix.com\/aico\/servicios-diseno\/<\/a><\/p>\n<p>ESCENOGRAF\u00cdA<br \/>h5<\/p>\n<p>Dise\u00f1o de Stands<br \/>\n<br \/>Rigging<br \/>\n<br \/>Escenograf\u00eda<br \/>\n<br \/>Carpinter\u00eda<br \/>\n<br \/>Mobiliario<br \/>\n<br \/>Transporte y log\u00edstica<br \/>\n<br \/>Carpas bedu\u00ednas<\/p>\n<p>top<br \/><img decoding=\"async\" src=\"https:\/\/i1.wp.com\/jorgealeix.com\/aico\/wp-content\/uploads\/2021\/10\/ico-escenografia-1.png?w=1220&#038;ssl=1\" alt=\"ico-escenografia\" data-recalc-dims=\"1\" \/><br \/><a href=\"https:\/\/jorgealeix.com\/aico\/escenografia\/\">https:\/\/jorgealeix.com\/aico\/escenografia\/<\/a><\/p>\n<h3>+ DE 20 A\u00d1OS<\/h3>\n<p><\/p>\n<h4>ORGANIZANDO EVENTOS DE \u00c9XITO<\/h4>\n<p><\/p>\n<h6>Empleamos lo \u00faltimo en tecnolog\u00eda y las mejores marcas, conocemos las principales localizaciones de isla a la perfecci\u00f3n.<\/h6>\n<p>center<br \/>no-repeat;left top;;<br \/>auto<\/p>\n<h4>COLABORACIONES<\/h4>\n<p>center<br \/>no-repeat;left top;;<br \/>auto<br \/>20px<\/p>\n<p><img decoding=\"async\" src=\"https:\/\/i1.wp.com\/jorgealeix.com\/aico\/wp-content\/uploads\/2021\/10\/logo-PalacioCongresos.png?w=1220&#038;ssl=1\" alt=\"logo-PalacioCongresos\" data-recalc-dims=\"1\" \/><br \/>full<br \/>180<br \/>center<br \/><a href=\"https:\/\/www.palmacongresscenter.com\/es\">https:\/\/www.palmacongresscenter.com\/es<\/a><\/p>\n<p><img decoding=\"async\" src=\"https:\/\/i1.wp.com\/jorgealeix.com\/aico\/wp-content\/uploads\/2021\/10\/logo-CaixaForum.png?w=1220&#038;ssl=1\" alt=\"logo-CaixaForum\" data-recalc-dims=\"1\" \/><br \/>full<br \/>160<br \/>center<br \/><a href=\"https:\/\/caixaforum.org\/\">https:\/\/caixaforum.org\/<\/a><\/p>\n<p><img decoding=\"async\" src=\"https:\/\/i1.wp.com\/jorgealeix.com\/aico\/wp-content\/uploads\/2021\/10\/logo-EsBaluard.png?w=1220&#038;ssl=1\" alt=\"logo-EsBaluard\" data-recalc-dims=\"1\" \/><br \/>full<br \/>140<br \/>center<br \/><a href=\"https:\/\/www.esbaluard.org\/\">https:\/\/www.esbaluard.org\/<\/a><\/p>\n<p><img decoding=\"async\" src=\"https:\/\/i1.wp.com\/jorgealeix.com\/aico\/wp-content\/uploads\/2021\/10\/logo-PCadenaSer.png?w=1220&#038;ssl=1\" alt=\"logo-PCadenaSer\" data-recalc-dims=\"1\" \/><br \/>full<br \/>120<br \/>center<br \/><a href=\"https:\/\/cadenaser.com\/\">https:\/\/cadenaser.com\/<\/a><\/p>\n<p><img decoding=\"async\" src=\"https:\/\/i0.wp.com\/jorgealeix.com\/aico\/wp-content\/uploads\/2021\/10\/logo-DiarioDeMallorca.png?w=1220&#038;ssl=1\" alt=\"logo-DiarioDeMallorca\" data-recalc-dims=\"1\" \/><br \/>full<br \/>160<br \/>center<br \/><a href=\"https:\/\/www.diariodemallorca.es\/\">https:\/\/www.diariodemallorca.es\/<\/a><\/p>\n<h4>CLIENTES QUE HAN CONFIADO EN NOSOTROS<\/h4>\n<p>center<br \/>no-repeat;left top;;<br \/>auto<br \/>0px<\/p>\n<p>menu_order<br \/>ASC<\/p>\n","protected":false},"excerpt":{"rendered":"<p>WE LOVE EVENTS Capaces de cualquier cosa para que tu evento sea perfecto centerno-repeat;left top;;auto full Nuestro equipo internacional est\u00e1 formado por los mejores especialistas de<span class=\"excerpt-hellip\"> [\u2026]<\/span><\/p>\n","protected":false},"author":1,"featured_media":0,"parent":0,"menu_order":0,"comment_status":"closed","ping_status":"open","template":"","meta":{"spay_email":"","footnotes":""},"class_list":["post-92","page","type-page","status-publish","hentry"],"yoast_head":"<!-- This site is optimized with the Yoast SEO plugin v17.4 - https:\/\/yoast.com\/wordpress\/plugins\/seo\/ -->\n<title>Servicios Audiovisuales &raquo; AICO<\/title>\n<meta name=\"description\" content=\"M\u00e1s de 20 a\u00f1os organizando eventos de \u00e9xito en Mallorca. Capaces de cualquier cosa para que tu evento sea perfecto. Servicios Audiovisuales.\" \/>\n<meta name=\"robots\" content=\"noindex, follow, max-snippet:-1, max-image-preview:large, max-video-preview:-1\" \/>\n<meta property=\"og:locale\" content=\"es_ES\" \/>\n<meta property=\"og:type\" content=\"article\" \/>\n<meta property=\"og:title\" content=\"Servicios Audiovisuales &raquo; AICO\" \/>\n<meta property=\"og:description\" content=\"M\u00e1s de 20 a\u00f1os organizando eventos de \u00e9xito en Mallorca. Capaces de cualquier cosa para que tu evento sea perfecto. Servicios Audiovisuales.\" \/>\n<meta property=\"og:url\" content=\"https:\/\/jorgealeix.com\/aico\/\" \/>\n<meta property=\"og:site_name\" content=\"AICO\" \/>\n<meta property=\"article:publisher\" content=\"https:\/\/es-la.facebook.com\/aicoaudiovisuales\/\" \/>\n<meta property=\"article:modified_time\" content=\"2021-10-21T07:54:38+00:00\" \/>\n<meta property=\"og:image\" content=\"https:\/\/jorgealeix.com\/aico\/wp-content\/uploads\/2021\/10\/Main-img-aico-2.png\" \/>\n<meta name=\"twitter:card\" content=\"summary_large_image\" \/>\n<meta name=\"twitter:site\" content=\"@aicoaudiovisual\" \/>\n<meta name=\"twitter:label1\" content=\"Tiempo de lectura\" \/>\n\t<meta name=\"twitter:data1\" content=\"1 minuto\" \/>\n<script type=\"application\/ld+json\" class=\"yoast-schema-graph\">{\"@context\":\"https:\/\/schema.org\",\"@graph\":[{\"@type\":\"Organization\",\"@id\":\"https:\/\/jorgealeix.com\/aico\/#organization\",\"name\":\"AICO\",\"url\":\"https:\/\/jorgealeix.com\/aico\/\",\"sameAs\":[\"https:\/\/es-la.facebook.com\/aicoaudiovisuales\/\",\"https:\/\/www.instagram.com\/aicoaudiovisuales\/\",\"https:\/\/ar.linkedin.com\/company\/aico-audiovisuales\",\"https:\/\/www.youtube.com\/channel\/UCh1mxQlzm2nN-TXQYcN88dw\",\"https:\/\/twitter.com\/aicoaudiovisual\"],\"logo\":{\"@type\":\"ImageObject\",\"@id\":\"https:\/\/jorgealeix.com\/aico\/#logo\",\"inLanguage\":\"es\",\"url\":\"https:\/\/i2.wp.com\/jorgealeix.com\/aico\/wp-content\/uploads\/2021\/10\/logo-aico-footer.png?fit=202%2C96&ssl=1\",\"contentUrl\":\"https:\/\/i2.wp.com\/jorgealeix.com\/aico\/wp-content\/uploads\/2021\/10\/logo-aico-footer.png?fit=202%2C96&ssl=1\",\"width\":202,\"height\":96,\"caption\":\"AICO\"},\"image\":{\"@id\":\"https:\/\/jorgealeix.com\/aico\/#logo\"}},{\"@type\":\"WebSite\",\"@id\":\"https:\/\/jorgealeix.com\/aico\/#website\",\"url\":\"https:\/\/jorgealeix.com\/aico\/\",\"name\":\"AICO\",\"description\":\"Servicios audiovisuales\",\"publisher\":{\"@id\":\"https:\/\/jorgealeix.com\/aico\/#organization\"},\"potentialAction\":[{\"@type\":\"SearchAction\",\"target\":{\"@type\":\"EntryPoint\",\"urlTemplate\":\"https:\/\/jorgealeix.com\/aico\/?s={search_term_string}\"},\"query-input\":\"required name=search_term_string\"}],\"inLanguage\":\"es\"},{\"@type\":\"ImageObject\",\"@id\":\"https:\/\/jorgealeix.com\/aico\/#primaryimage\",\"inLanguage\":\"es\",\"url\":\"https:\/\/i2.wp.com\/jorgealeix.com\/aico\/wp-content\/uploads\/2021\/10\/Main-img-aico-2.png?fit=1292%2C858&ssl=1\",\"contentUrl\":\"https:\/\/i2.wp.com\/jorgealeix.com\/aico\/wp-content\/uploads\/2021\/10\/Main-img-aico-2.png?fit=1292%2C858&ssl=1\",\"width\":1292,\"height\":858},{\"@type\":\"WebPage\",\"@id\":\"https:\/\/jorgealeix.com\/aico\/#webpage\",\"url\":\"https:\/\/jorgealeix.com\/aico\/\",\"name\":\"Servicios Audiovisuales &raquo; AICO\",\"isPartOf\":{\"@id\":\"https:\/\/jorgealeix.com\/aico\/#website\"},\"primaryImageOfPage\":{\"@id\":\"https:\/\/jorgealeix.com\/aico\/#primaryimage\"},\"datePublished\":\"2021-03-15T09:16:19+00:00\",\"dateModified\":\"2021-10-21T07:54:38+00:00\",\"description\":\"M\\u00e1s de 20 a\\u00f1os organizando eventos de \\u00e9xito en Mallorca. Capaces de cualquier cosa para que tu evento sea perfecto. Servicios Audiovisuales.\",\"breadcrumb\":{\"@id\":\"https:\/\/jorgealeix.com\/aico\/#breadcrumb\"},\"inLanguage\":\"es\",\"potentialAction\":[{\"@type\":\"ReadAction\",\"target\":[\"https:\/\/jorgealeix.com\/aico\/\"]}]},{\"@type\":\"BreadcrumbList\",\"@id\":\"https:\/\/jorgealeix.com\/aico\/#breadcrumb\",\"itemListElement\":[{\"@type\":\"ListItem\",\"position\":1,\"name\":\"Portada\",\"item\":\"https:\/\/jorgealeix.com\/aico\/\"},{\"@type\":\"ListItem\",\"position\":2,\"name\":\"Home\"}]}]}<\/script>\n<!-- \/ Yoast SEO plugin. -->","yoast_head_json":{"title":"Servicios Audiovisuales &raquo; AICO","description":"M\u00e1s de 20 a\u00f1os organizando eventos de \u00e9xito en Mallorca. Capaces de cualquier cosa para que tu evento sea perfecto. Servicios Audiovisuales.","robots":{"index":"noindex","follow":"follow","max-snippet":"max-snippet:-1","max-image-preview":"max-image-preview:large","max-video-preview":"max-video-preview:-1"},"og_locale":"es_ES","og_type":"article","og_title":"Servicios Audiovisuales &raquo; AICO","og_description":"M\u00e1s de 20 a\u00f1os organizando eventos de \u00e9xito en Mallorca. Capaces de cualquier cosa para que tu evento sea perfecto. Servicios Audiovisuales.","og_url":"https:\/\/jorgealeix.com\/aico\/","og_site_name":"AICO","article_publisher":"https:\/\/es-la.facebook.com\/aicoaudiovisuales\/","article_modified_time":"2021-10-21T07:54:38+00:00","og_image":[{"url":"https:\/\/jorgealeix.com\/aico\/wp-content\/uploads\/2021\/10\/Main-img-aico-2.png"}],"twitter_card":"summary_large_image","twitter_site":"@aicoaudiovisual","twitter_misc":{"Tiempo de lectura":"1 minuto"},"schema":{"@context":"https:\/\/schema.org","@graph":[{"@type":"Organization","@id":"https:\/\/jorgealeix.com\/aico\/#organization","name":"AICO","url":"https:\/\/jorgealeix.com\/aico\/","sameAs":["https:\/\/es-la.facebook.com\/aicoaudiovisuales\/","https:\/\/www.instagram.com\/aicoaudiovisuales\/","https:\/\/ar.linkedin.com\/company\/aico-audiovisuales","https:\/\/www.youtube.com\/channel\/UCh1mxQlzm2nN-TXQYcN88dw","https:\/\/twitter.com\/aicoaudiovisual"],"logo":{"@type":"ImageObject","@id":"https:\/\/jorgealeix.com\/aico\/#logo","inLanguage":"es","url":"https:\/\/i2.wp.com\/jorgealeix.com\/aico\/wp-content\/uploads\/2021\/10\/logo-aico-footer.png?fit=202%2C96&ssl=1","contentUrl":"https:\/\/i2.wp.com\/jorgealeix.com\/aico\/wp-content\/uploads\/2021\/10\/logo-aico-footer.png?fit=202%2C96&ssl=1","width":202,"height":96,"caption":"AICO"},"image":{"@id":"https:\/\/jorgealeix.com\/aico\/#logo"}},{"@type":"WebSite","@id":"https:\/\/jorgealeix.com\/aico\/#website","url":"https:\/\/jorgealeix.com\/aico\/","name":"AICO","description":"Servicios audiovisuales","publisher":{"@id":"https:\/\/jorgealeix.com\/aico\/#organization"},"potentialAction":[{"@type":"SearchAction","target":{"@type":"EntryPoint","urlTemplate":"https:\/\/jorgealeix.com\/aico\/?s={search_term_string}"},"query-input":"required name=search_term_string"}],"inLanguage":"es"},{"@type":"ImageObject","@id":"https:\/\/jorgealeix.com\/aico\/#primaryimage","inLanguage":"es","url":"https:\/\/i2.wp.com\/jorgealeix.com\/aico\/wp-content\/uploads\/2021\/10\/Main-img-aico-2.png?fit=1292%2C858&ssl=1","contentUrl":"https:\/\/i2.wp.com\/jorgealeix.com\/aico\/wp-content\/uploads\/2021\/10\/Main-img-aico-2.png?fit=1292%2C858&ssl=1","width":1292,"height":858},{"@type":"WebPage","@id":"https:\/\/jorgealeix.com\/aico\/#webpage","url":"https:\/\/jorgealeix.com\/aico\/","name":"Servicios Audiovisuales &raquo; AICO","isPartOf":{"@id":"https:\/\/jorgealeix.com\/aico\/#website"},"primaryImageOfPage":{"@id":"https:\/\/jorgealeix.com\/aico\/#primaryimage"},"datePublished":"2021-03-15T09:16:19+00:00","dateModified":"2021-10-21T07:54:38+00:00","description":"M\u00e1s de 20 a\u00f1os organizando eventos de \u00e9xito en Mallorca. Capaces de cualquier cosa para que tu evento sea perfecto. Servicios Audiovisuales.","breadcrumb":{"@id":"https:\/\/jorgealeix.com\/aico\/#breadcrumb"},"inLanguage":"es","potentialAction":[{"@type":"ReadAction","target":["https:\/\/jorgealeix.com\/aico\/"]}]},{"@type":"BreadcrumbList","@id":"https:\/\/jorgealeix.com\/aico\/#breadcrumb","itemListElement":[{"@type":"ListItem","position":1,"name":"Portada","item":"https:\/\/jorgealeix.com\/aico\/"},{"@type":"ListItem","position":2,"name":"Home"}]}]}},"_links":{"self":[{"href":"https:\/\/jorgealeix.com\/aico\/wp-json\/wp\/v2\/pages\/92","targetHints":{"allow":["GET"]}}],"collection":[{"href":"https:\/\/jorgealeix.com\/aico\/wp-json\/wp\/v2\/pages"}],"about":[{"href":"https:\/\/jorgealeix.com\/aico\/wp-json\/wp\/v2\/types\/page"}],"author":[{"embeddable":true,"href":"https:\/\/jorgealeix.com\/aico\/wp-json\/wp\/v2\/users\/1"}],"replies":[{"embeddable":true,"href":"https:\/\/jorgealeix.com\/aico\/wp-json\/wp\/v2\/comments?post=92"}],"version-history":[{"count":4,"href":"https:\/\/jorgealeix.com\/aico\/wp-json\/wp\/v2\/pages\/92\/revisions"}],"predecessor-version":[{"id":933,"href":"https:\/\/jorgealeix.com\/aico\/wp-json\/wp\/v2\/pages\/92\/revisions\/933"}],"wp:attachment":[{"href":"https:\/\/jorgealeix.com\/aico\/wp-json\/wp\/v2\/media?parent=92"}],"curies":[{"name":"wp","href":"https:\/\/api.w.org\/{rel}","templated":true}]}}