{"id":4235,"date":"2016-12-07T11:49:39","date_gmt":"2016-12-07T11:49:39","guid":{"rendered":"https:\/\/jorgealeix.com\/presupuestos-de-diseno-grafico\/"},"modified":"2024-12-22T07:10:50","modified_gmt":"2024-12-22T07:10:50","slug":"presupuestos-de-diseno-grafico","status":"publish","type":"page","link":"https:\/\/jorgealeix.com\/en\/presupuestos-de-diseno-grafico\/","title":{"rendered":"Contact"},"content":{"rendered":"","protected":false},"excerpt":{"rendered":"","protected":false},"author":1,"featured_media":0,"parent":0,"menu_order":0,"comment_status":"closed","ping_status":"closed","template":"","meta":{"_joinchat":[],"footnotes":""},"class_list":["post-4235","page","type-page","status-publish","hentry"],"yoast_head":"<!-- This site is optimized with the Yoast SEO plugin v27.3 - https:\/\/yoast.com\/product\/yoast-seo-wordpress\/ -->\n<title>Jorge Aleix \u00b7 Creative Design Presupuestos dise\u00f1o gr\u00e1fico y web<\/title>\n<meta name=\"description\" content=\"Presupuestos dise\u00f1o gr\u00e1fico y web sin compromiso. Dise\u00f1o gr\u00e1fico y web en Mallorca. Amplia experiencia en las distintas disciplinas creativas.\" \/>\n<meta name=\"robots\" content=\"index, follow, max-snippet:-1, max-image-preview:large, max-video-preview:-1\" \/>\n<link rel=\"canonical\" href=\"https:\/\/jorgealeix.com\/en\/presupuestos-de-diseno-grafico\/\" \/>\n<meta property=\"og:locale\" content=\"en_US\" \/>\n<meta property=\"og:type\" content=\"article\" \/>\n<meta property=\"og:title\" content=\"Jorge Aleix \u00b7 Creative Design Presupuestos dise\u00f1o gr\u00e1fico y web\" \/>\n<meta property=\"og:description\" content=\"Presupuestos dise\u00f1o gr\u00e1fico y web sin compromiso. Dise\u00f1o gr\u00e1fico y web en Mallorca. Amplia experiencia en las distintas disciplinas creativas.\" \/>\n<meta property=\"og:url\" content=\"https:\/\/jorgealeix.com\/en\/presupuestos-de-diseno-grafico\/\" \/>\n<meta property=\"og:site_name\" content=\"Jorge Aleix \u00b7 Creative Design\" \/>\n<meta property=\"article:publisher\" content=\"https:\/\/www.facebook.com\/jorgealeix\" \/>\n<meta property=\"article:modified_time\" content=\"2024-12-22T07:10:50+00:00\" \/>\n<meta property=\"og:image\" content=\"https:\/\/i0.wp.com\/jorgealeix.com\/wp-content\/uploads\/2024\/12\/img-logo-jorge-aleix-creative-design-seo.jpg?fit=1402%2C712&ssl=1\" \/>\n\t<meta property=\"og:image:width\" content=\"1402\" \/>\n\t<meta property=\"og:image:height\" content=\"712\" \/>\n\t<meta property=\"og:image:type\" content=\"image\/jpeg\" \/>\n<meta name=\"twitter:card\" content=\"summary_large_image\" \/>\n<meta name=\"twitter:site\" content=\"@aleix_jorge\" \/>\n<script type=\"application\/ld+json\" class=\"yoast-schema-graph\">{\"@context\":\"https:\\\/\\\/schema.org\",\"@graph\":[{\"@type\":\"WebPage\",\"@id\":\"https:\\\/\\\/jorgealeix.com\\\/en\\\/presupuestos-de-diseno-grafico\\\/\",\"url\":\"https:\\\/\\\/jorgealeix.com\\\/en\\\/presupuestos-de-diseno-grafico\\\/\",\"name\":\"Jorge Aleix \u00b7 Creative Design Presupuestos dise\u00f1o gr\u00e1fico y web\",\"isPartOf\":{\"@id\":\"https:\\\/\\\/jorgealeix.com\\\/#website\"},\"datePublished\":\"2016-12-07T11:49:39+00:00\",\"dateModified\":\"2024-12-22T07:10:50+00:00\",\"description\":\"Presupuestos dise\u00f1o gr\u00e1fico y web sin compromiso. Dise\u00f1o gr\u00e1fico y web en Mallorca. Amplia experiencia en las distintas disciplinas creativas.\",\"breadcrumb\":{\"@id\":\"https:\\\/\\\/jorgealeix.com\\\/en\\\/presupuestos-de-diseno-grafico\\\/#breadcrumb\"},\"inLanguage\":\"en-US\",\"potentialAction\":[{\"@type\":\"ReadAction\",\"target\":[\"https:\\\/\\\/jorgealeix.com\\\/en\\\/presupuestos-de-diseno-grafico\\\/\"]}]},{\"@type\":\"BreadcrumbList\",\"@id\":\"https:\\\/\\\/jorgealeix.com\\\/en\\\/presupuestos-de-diseno-grafico\\\/#breadcrumb\",\"itemListElement\":[{\"@type\":\"ListItem\",\"position\":1,\"name\":\"Portada\",\"item\":\"https:\\\/\\\/jorgealeix.com\\\/en\\\/diseno-grafico-y-web-en-palma-de-mallorca\\\/\"},{\"@type\":\"ListItem\",\"position\":2,\"name\":\"Contact\"}]},{\"@type\":\"WebSite\",\"@id\":\"https:\\\/\\\/jorgealeix.com\\\/#website\",\"url\":\"https:\\\/\\\/jorgealeix.com\\\/\",\"name\":\"Jorge Aleix \u00b7 Creative Design\",\"description\":\"Dise\u00f1o gr\u00e1fico y web  en Mallorca\",\"potentialAction\":[{\"@type\":\"SearchAction\",\"target\":{\"@type\":\"EntryPoint\",\"urlTemplate\":\"https:\\\/\\\/jorgealeix.com\\\/?s={search_term_string}\"},\"query-input\":{\"@type\":\"PropertyValueSpecification\",\"valueRequired\":true,\"valueName\":\"search_term_string\"}}],\"inLanguage\":\"en-US\"}]}<\/script>\n<!-- \/ Yoast SEO plugin. -->","yoast_head_json":{"title":"Jorge Aleix \u00b7 Creative Design Presupuestos dise\u00f1o gr\u00e1fico y web","description":"Presupuestos dise\u00f1o gr\u00e1fico y web sin compromiso. Dise\u00f1o gr\u00e1fico y web en Mallorca. Amplia experiencia en las distintas disciplinas creativas.","robots":{"index":"index","follow":"follow","max-snippet":"max-snippet:-1","max-image-preview":"max-image-preview:large","max-video-preview":"max-video-preview:-1"},"canonical":"https:\/\/jorgealeix.com\/en\/presupuestos-de-diseno-grafico\/","og_locale":"en_US","og_type":"article","og_title":"Jorge Aleix \u00b7 Creative Design Presupuestos dise\u00f1o gr\u00e1fico y web","og_description":"Presupuestos dise\u00f1o gr\u00e1fico y web sin compromiso. Dise\u00f1o gr\u00e1fico y web en Mallorca. Amplia experiencia en las distintas disciplinas creativas.","og_url":"https:\/\/jorgealeix.com\/en\/presupuestos-de-diseno-grafico\/","og_site_name":"Jorge Aleix \u00b7 Creative Design","article_publisher":"https:\/\/www.facebook.com\/jorgealeix","article_modified_time":"2024-12-22T07:10:50+00:00","og_image":[{"width":1402,"height":712,"url":"https:\/\/i0.wp.com\/jorgealeix.com\/wp-content\/uploads\/2024\/12\/img-logo-jorge-aleix-creative-design-seo.jpg?fit=1402%2C712&ssl=1","type":"image\/jpeg"}],"twitter_card":"summary_large_image","twitter_site":"@aleix_jorge","schema":{"@context":"https:\/\/schema.org","@graph":[{"@type":"WebPage","@id":"https:\/\/jorgealeix.com\/en\/presupuestos-de-diseno-grafico\/","url":"https:\/\/jorgealeix.com\/en\/presupuestos-de-diseno-grafico\/","name":"Jorge Aleix \u00b7 Creative Design Presupuestos dise\u00f1o gr\u00e1fico y web","isPartOf":{"@id":"https:\/\/jorgealeix.com\/#website"},"datePublished":"2016-12-07T11:49:39+00:00","dateModified":"2024-12-22T07:10:50+00:00","description":"Presupuestos dise\u00f1o gr\u00e1fico y web sin compromiso. Dise\u00f1o gr\u00e1fico y web en Mallorca. Amplia experiencia en las distintas disciplinas creativas.","breadcrumb":{"@id":"https:\/\/jorgealeix.com\/en\/presupuestos-de-diseno-grafico\/#breadcrumb"},"inLanguage":"en-US","potentialAction":[{"@type":"ReadAction","target":["https:\/\/jorgealeix.com\/en\/presupuestos-de-diseno-grafico\/"]}]},{"@type":"BreadcrumbList","@id":"https:\/\/jorgealeix.com\/en\/presupuestos-de-diseno-grafico\/#breadcrumb","itemListElement":[{"@type":"ListItem","position":1,"name":"Portada","item":"https:\/\/jorgealeix.com\/en\/diseno-grafico-y-web-en-palma-de-mallorca\/"},{"@type":"ListItem","position":2,"name":"Contact"}]},{"@type":"WebSite","@id":"https:\/\/jorgealeix.com\/#website","url":"https:\/\/jorgealeix.com\/","name":"Jorge Aleix \u00b7 Creative Design","description":"Dise\u00f1o gr\u00e1fico y web  en Mallorca","potentialAction":[{"@type":"SearchAction","target":{"@type":"EntryPoint","urlTemplate":"https:\/\/jorgealeix.com\/?s={search_term_string}"},"query-input":{"@type":"PropertyValueSpecification","valueRequired":true,"valueName":"search_term_string"}}],"inLanguage":"en-US"}]}},"jetpack_sharing_enabled":true,"jetpack_shortlink":"https:\/\/wp.me\/P9M6pc-16j","jetpack_likes_enabled":true,"jetpack-related-posts":[],"_links":{"self":[{"href":"https:\/\/jorgealeix.com\/en\/wp-json\/wp\/v2\/pages\/4235","targetHints":{"allow":["GET"]}}],"collection":[{"href":"https:\/\/jorgealeix.com\/en\/wp-json\/wp\/v2\/pages"}],"about":[{"href":"https:\/\/jorgealeix.com\/en\/wp-json\/wp\/v2\/types\/page"}],"author":[{"embeddable":true,"href":"https:\/\/jorgealeix.com\/en\/wp-json\/wp\/v2\/users\/1"}],"replies":[{"embeddable":true,"href":"https:\/\/jorgealeix.com\/en\/wp-json\/wp\/v2\/comments?post=4235"}],"version-history":[{"count":0,"href":"https:\/\/jorgealeix.com\/en\/wp-json\/wp\/v2\/pages\/4235\/revisions"}],"wp:attachment":[{"href":"https:\/\/jorgealeix.com\/en\/wp-json\/wp\/v2\/media?parent=4235"}],"curies":[{"name":"wp","href":"https:\/\/api.w.org\/{rel}","templated":true}]}}